{"id":3905,"date":"2022-06-08T12:56:38","date_gmt":"2022-06-08T10:56:38","guid":{"rendered":"https:\/\/spolki.cgolegal.pl\/uslugi\/"},"modified":"2022-09-08T21:02:55","modified_gmt":"2022-09-08T19:02:55","slug":"services","status":"publish","type":"page","link":"https:\/\/spolki.cgolegal.pl\/en\/services\/","title":{"rendered":"Services"},"content":{"rendered":"<header class=\"hero\">\n    <div class=\"container\">\n              <h1 class=\"hero--heading h2\">Services<\/h1>\n          <\/div>\n          <div class=\"hero--bg\">\n        <img loading=\"lazy\" decoding=\"async\"\n          src=\"https:\/\/spolki.cgolegal.pl\/wp-content\/uploads\/2022\/07\/OLD_0861-kopia.jpg\"\n          alt=\"Services\"\n          width=\"1900\"\n          height=\"480\">\n      <\/div>\n      <\/header>\n  <nav class=\"breadcrumbs\">\n    <div class=\"container\">\n      <ul class=\"breadcrumbs--list\"><li><a href=\"https:\/\/spolki.cgolegal.pl\/en\/\">Homepage<\/a><\/li><\/ul>\n    <\/div>\n  <\/nav>\n  <section class=\"listing-service alignwide\">\n    <div class=\"container\">\n              <header class=\"listing-service--header\">\n                                <div\n              class=\"listing-service--header-desc text-container text-container--block-medium text-body-normal text-links--primary\">\n              <h2>Law and tax for e-businesses<\/h2>\n<p>We deliever corporate, tax, commercial, regulator and legal advice to e-businesses operating globally.<\/p>\n<p>We work side by side with e-commerce firms, software developers, software houses, merchants, e-platforms, influencers, social media service providers, agents and marketplaces.<\/p>\n<p>Do you want to join the elite?<\/p>\n\n            <\/div>\n                  <\/header>\n                    <div class=\"listing-service--list text-body-normal text-links--blank-primary\">\n          <h3 class=\"listing-service--list-heading h5\">Select a service from the list<\/h3>\n          <ul class=\"listing-service--list-wrapper\">\n                          <li class=\"listing-service--article\">\n                <h3 class=\"listing-service--article-heading\">\n                  <a href=\"https:\/\/spolki.cgolegal.pl\/en\/services\/asset-and-capital-protection\/\">\n                    <svg width=\"16\" height=\"16\" viewBox=\"0 0 16 16\" fill=\"none\" xmlns=\"http:\/\/www.w3.org\/2000\/svg\">\n                      <path\n                        d=\"M4 2.82001V13.18C4 13.97 4.87 14.45 5.54 14.02L13.68 8.84001C14.3 8.45001 14.3 7.55001 13.68 7.15001L5.54 1.98001C4.87 1.55001 4 2.03001 4 2.82001Z\"\n                        fill=\"#8EC63F\"\/>\n                    <\/svg>\n                    <span>Asset protection &#8211; your IP has to be safe<\/span>\n                  <\/a>\n                <\/h3>\n              <\/li>\n                          <li class=\"listing-service--article\">\n                <h3 class=\"listing-service--article-heading\">\n                  <a href=\"https:\/\/spolki.cgolegal.pl\/en\/services\/european-holding\/\">\n                    <svg width=\"16\" height=\"16\" viewBox=\"0 0 16 16\" fill=\"none\" xmlns=\"http:\/\/www.w3.org\/2000\/svg\">\n                      <path\n                        d=\"M4 2.82001V13.18C4 13.97 4.87 14.45 5.54 14.02L13.68 8.84001C14.3 8.45001 14.3 7.55001 13.68 7.15001L5.54 1.98001C4.87 1.55001 4 2.03001 4 2.82001Z\"\n                        fill=\"#8EC63F\"\/>\n                    <\/svg>\n                    <span>European Holding to consolidate your E-business<\/span>\n                  <\/a>\n                <\/h3>\n              <\/li>\n                          <li class=\"listing-service--article\">\n                <h3 class=\"listing-service--article-heading\">\n                  <a href=\"https:\/\/spolki.cgolegal.pl\/en\/services\/investment-funds\/\">\n                    <svg width=\"16\" height=\"16\" viewBox=\"0 0 16 16\" fill=\"none\" xmlns=\"http:\/\/www.w3.org\/2000\/svg\">\n                      <path\n                        d=\"M4 2.82001V13.18C4 13.97 4.87 14.45 5.54 14.02L13.68 8.84001C14.3 8.45001 14.3 7.55001 13.68 7.15001L5.54 1.98001C4.87 1.55001 4 2.03001 4 2.82001Z\"\n                        fill=\"#8EC63F\"\/>\n                    <\/svg>\n                    <span>Investment Funds for your IT project<\/span>\n                  <\/a>\n                <\/h3>\n              <\/li>\n                          <li class=\"listing-service--article\">\n                <h3 class=\"listing-service--article-heading\">\n                  <a href=\"https:\/\/spolki.cgolegal.pl\/en\/services\/company-relocation\/\">\n                    <svg width=\"16\" height=\"16\" viewBox=\"0 0 16 16\" fill=\"none\" xmlns=\"http:\/\/www.w3.org\/2000\/svg\">\n                      <path\n                        d=\"M4 2.82001V13.18C4 13.97 4.87 14.45 5.54 14.02L13.68 8.84001C14.3 8.45001 14.3 7.55001 13.68 7.15001L5.54 1.98001C4.87 1.55001 4 2.03001 4 2.82001Z\"\n                        fill=\"#8EC63F\"\/>\n                    <\/svg>\n                    <span>IT Company relocation<\/span>\n                  <\/a>\n                <\/h3>\n              <\/li>\n                          <li class=\"listing-service--article\">\n                <h3 class=\"listing-service--article-heading\">\n                  <a href=\"https:\/\/spolki.cgolegal.pl\/en\/services\/offshore-merchant-accounts\/\">\n                    <svg width=\"16\" height=\"16\" viewBox=\"0 0 16 16\" fill=\"none\" xmlns=\"http:\/\/www.w3.org\/2000\/svg\">\n                      <path\n                        d=\"M4 2.82001V13.18C4 13.97 4.87 14.45 5.54 14.02L13.68 8.84001C14.3 8.45001 14.3 7.55001 13.68 7.15001L5.54 1.98001C4.87 1.55001 4 2.03001 4 2.82001Z\"\n                        fill=\"#8EC63F\"\/>\n                    <\/svg>\n                    <span>Low and high risk merchant accounts for E-business<\/span>\n                  <\/a>\n                <\/h3>\n              <\/li>\n                          <li class=\"listing-service--article\">\n                <h3 class=\"listing-service--article-heading\">\n                  <a href=\"https:\/\/spolki.cgolegal.pl\/en\/services\/opening-an-account\/\">\n                    <svg width=\"16\" height=\"16\" viewBox=\"0 0 16 16\" fill=\"none\" xmlns=\"http:\/\/www.w3.org\/2000\/svg\">\n                      <path\n                        d=\"M4 2.82001V13.18C4 13.97 4.87 14.45 5.54 14.02L13.68 8.84001C14.3 8.45001 14.3 7.55001 13.68 7.15001L5.54 1.98001C4.87 1.55001 4 2.03001 4 2.82001Z\"\n                        fill=\"#8EC63F\"\/>\n                    <\/svg>\n                    <span>Opening an account for your e-business<\/span>\n                  <\/a>\n                <\/h3>\n              <\/li>\n                          <li class=\"listing-service--article\">\n                <h3 class=\"listing-service--article-heading\">\n                  <a href=\"https:\/\/spolki.cgolegal.pl\/en\/services\/setting-up-a-marketplace\/\">\n                    <svg width=\"16\" height=\"16\" viewBox=\"0 0 16 16\" fill=\"none\" xmlns=\"http:\/\/www.w3.org\/2000\/svg\">\n                      <path\n                        d=\"M4 2.82001V13.18C4 13.97 4.87 14.45 5.54 14.02L13.68 8.84001C14.3 8.45001 14.3 7.55001 13.68 7.15001L5.54 1.98001C4.87 1.55001 4 2.03001 4 2.82001Z\"\n                        fill=\"#8EC63F\"\/>\n                    <\/svg>\n                    <span>Setting up a marketplace<\/span>\n                  <\/a>\n                <\/h3>\n              <\/li>\n                          <li class=\"listing-service--article\">\n                <h3 class=\"listing-service--article-heading\">\n                  <a href=\"https:\/\/spolki.cgolegal.pl\/en\/services\/tax-expatriation\/\">\n                    <svg width=\"16\" height=\"16\" viewBox=\"0 0 16 16\" fill=\"none\" xmlns=\"http:\/\/www.w3.org\/2000\/svg\">\n                      <path\n                        d=\"M4 2.82001V13.18C4 13.97 4.87 14.45 5.54 14.02L13.68 8.84001C14.3 8.45001 14.3 7.55001 13.68 7.15001L5.54 1.98001C4.87 1.55001 4 2.03001 4 2.82001Z\"\n                        fill=\"#8EC63F\"\/>\n                    <\/svg>\n                    <span>Tax expatriation &#8211; easiest way to lower your taxes in IT<\/span>\n                  <\/a>\n                <\/h3>\n              <\/li>\n                          <li class=\"listing-service--article\">\n                <h3 class=\"listing-service--article-heading\">\n                  <a href=\"https:\/\/spolki.cgolegal.pl\/en\/services\/offshore-trust\/\">\n                    <svg width=\"16\" height=\"16\" viewBox=\"0 0 16 16\" fill=\"none\" xmlns=\"http:\/\/www.w3.org\/2000\/svg\">\n                      <path\n                        d=\"M4 2.82001V13.18C4 13.97 4.87 14.45 5.54 14.02L13.68 8.84001C14.3 8.45001 14.3 7.55001 13.68 7.15001L5.54 1.98001C4.87 1.55001 4 2.03001 4 2.82001Z\"\n                        fill=\"#8EC63F\"\/>\n                    <\/svg>\n                    <span>Trust for your E-business<\/span>\n                  <\/a>\n                <\/h3>\n              <\/li>\n                      <\/ul>\n        <\/div>\n                        <\/div>\n  <\/section>\n\n\n<section class=\"contact-banner alignwide\">\n  <div class=\"container\">\n          <header class=\"contact-banner--header\">\n                  <h2 class=\"contact-banner--header-heading h2\">Do you have any questions?<\/h2>\n                      <\/header>\n              <div class=\"row g-32 lg:cols-2\">\n                                                                              <div class=\"col\">\n                <div class=\"contact-banner--box\">\n                                      <a href=\"https:\/\/spolki.cgolegal.pl\/en\/jurisdictions\/\"\n                       target=\"_self\" class=\"contact-banner--box-wrapper\">\n                      <div class=\"contact-banner--box-content\">\n                                                  <h3 class=\"contact-banner--box-heading\">Do you want to set up a&nbsp;offshore company?<\/h3>\n                                                <div class=\"contact-banner--box-btns\">\n                          <span role=\"button\" class=\"btn btn__primary btn__medium md:btn__large\">\n                            <span class=\"btn--text\">Show more<\/span>\n                          <\/span>\n                        <\/div>\n                      <\/div>\n                    <\/a>\n                                  <\/div>\n              <\/div>\n                                                                                                                                                                                            <div class=\"col\">\n                  <div class=\"contact-banner--box\">\n                                          <a href=\"mailto:biuro@cgolegal.pl\" target=\"_self\"\n                         class=\"contact-banner--box-wrapper\">\n                                                  <div class=\"contact-banner--box-photo\">\n                            <img loading=\"lazy\" decoding=\"async\" src=\"data:image\/gif;base64,R0lGODdhAQABAPAAAMPDwwAAACwAAAAAAQABAAACAkQBADs=\"\n                                 data-src=\"https:\/\/spolki.cgolegal.pl\/wp-content\/uploads\/2022\/06\/Michal-gawlak-150x150.jpg\"\n                                 alt=\"Micha\u0142 Gawlak\"\n                                 width=\"150\"\n                                 height=\"150\"\n                                 class=\"lazyload\">\n                          <\/div>\n                                                <div class=\"contact-banner--box-content\">\n                          <h3 class=\"contact-banner--box-heading\">Micha\u0142 Gawlak<\/h3>\n                                                      <div class=\"contact-banner--box-position\">Partner \/ Attorney-at-law<\/div>\n                                                    <div class=\"contact-banner--box-btns\">\n                            <span role=\"button\" class=\"btn btn__primary btn__medium md:btn__large\">\n                              <span class=\"btn--text\">Schedule a consultation<\/span>\n                            <\/span>\n                          <\/div>\n                        <\/div>\n                      <\/a>\n                                      <\/div>\n                <\/div>\n                                                  <\/div>\n      <\/div>\n<\/section>\n\n\n\n<section class=\"contact-info alignwide\">\n  <div class=\"container\">\n    <div class=\"contact-info--row row gx-32 gy-48 lg:cols-12 u-jc-center\">\n      <div class=\"contact-info--form-outer col lg:col-6\">\n                  <header class=\"contact-info--header\">\n                          <h2 class=\"contact-info--header-heading h3\">Contact form<\/h2>\n                                  <\/header>\n                                    <div class=\"contact-info--form\">\n            \n<div class=\"wpcf7 no-js\" id=\"wpcf7-f4182-o1\" lang=\"pl-PL\" dir=\"ltr\" data-wpcf7-id=\"4182\">\n<div class=\"screen-reader-response\"><p role=\"status\" aria-live=\"polite\" aria-atomic=\"true\"><\/p> <ul><\/ul><\/div>\n<form action=\"\/en\/wp-json\/wp\/v2\/pages\/3905#wpcf7-f4182-o1\" method=\"post\" class=\"wpcf7-form init\" aria-label=\"Formularz kontaktowy\" novalidate=\"novalidate\" data-status=\"init\">\n<fieldset class=\"hidden-fields-container\"><input type=\"hidden\" name=\"_wpcf7\" value=\"4182\" \/><input type=\"hidden\" name=\"_wpcf7_version\" value=\"6.1.5\" \/><input type=\"hidden\" name=\"_wpcf7_locale\" value=\"pl_PL\" \/><input type=\"hidden\" name=\"_wpcf7_unit_tag\" value=\"wpcf7-f4182-o1\" \/><input type=\"hidden\" name=\"_wpcf7_container_post\" value=\"0\" \/><input type=\"hidden\" name=\"_wpcf7_posted_data_hash\" value=\"\" \/><input type=\"hidden\" name=\"_wpcf7_recaptcha_response\" value=\"\" \/>\n<\/fieldset>\n<div class=\"form-fields\">\n  <label class=\"form-field\">\n    <span>Fullname<\/span>\n    <span class=\"wpcf7-form-control-wrap\" data-name=\"your-name\"><input size=\"40\" maxlength=\"400\" class=\"wpcf7-form-control wpcf7-text wpcf7-validates-as-required\" aria-required=\"true\" aria-invalid=\"false\" value=\"\" type=\"text\" name=\"your-name\" \/><\/span>\n  <\/label>\n  <label class=\"form-field\">\n    <span>E-mail address<\/span>\n    <span class=\"wpcf7-form-control-wrap\" data-name=\"your-email\"><input size=\"40\" maxlength=\"400\" class=\"wpcf7-form-control wpcf7-email wpcf7-validates-as-required wpcf7-text wpcf7-validates-as-email\" aria-required=\"true\" aria-invalid=\"false\" value=\"\" type=\"email\" name=\"your-email\" \/><\/span>\n  <\/label>\n  <label class=\"form-field\">\n    <span>Phone number<\/span>\n    <span class=\"wpcf7-form-control-wrap\" data-name=\"your-phone\"><input size=\"40\" maxlength=\"400\" class=\"wpcf7-form-control wpcf7-tel wpcf7-text wpcf7-validates-as-tel\" aria-invalid=\"false\" value=\"\" type=\"tel\" name=\"your-phone\" \/><\/span>\n  <\/label>\n  <label class=\"form-field\">\n    <span>Subject<\/span>\n    <span class=\"wpcf7-form-control-wrap\" data-name=\"your-subject\"><select class=\"wpcf7-form-control wpcf7-select wpcf7-validates-as-required\" aria-required=\"true\" aria-invalid=\"false\" name=\"your-subject\"><option value=\"\">&#8212;Prosz\u0119 wybra\u0107 opcj\u0119&#8212;<\/option><option value=\"International tax consultancy\">International tax consultancy<\/option><option value=\"Establishment of a company abroad\">Establishment of a company abroad<\/option><\/select><\/span>\n  <\/label>\n  <label class=\"form-field\">\n    <span>Message<\/span>\n    <span class=\"wpcf7-form-control-wrap\" data-name=\"your-message\"><textarea cols=\"40\" rows=\"10\" maxlength=\"2000\" class=\"wpcf7-form-control wpcf7-textarea wpcf7-validates-as-required\" aria-required=\"true\" aria-invalid=\"false\" name=\"your-message\"><\/textarea><\/span>\n  <\/label>\n  <div class=\"form-field\">\n    <span class=\"wpcf7-form-control-wrap\" data-name=\"acceptance\"><span class=\"wpcf7-form-control wpcf7-acceptance\"><span class=\"wpcf7-list-item\"><label><input type=\"checkbox\" name=\"acceptance\" value=\"1\" aria-invalid=\"false\" \/><span class=\"wpcf7-list-item-label\">I have read the privacy policy and consent to the processing of data.<\/span><\/label><\/span><\/span><\/span>\n  <\/div>\n<\/div>\n<div class=\"form-submit\">\n  <input class=\"wpcf7-form-control wpcf7-submit has-spinner btn btn__large btn__primary\" type=\"submit\" value=\"Submit\" \/>\n<\/div><div class=\"wpcf7-response-output\" aria-hidden=\"true\"><\/div>\n<\/form>\n<\/div>\n\n          <\/div>\n              <\/div>\n              <div class=\"contact-info--box-outer col lg:col-5 ml-auto\">\n          <div class=\"contact-info--box\">\n                          <h2 class=\"contact-info--box-heading h5\">CGO Group<\/h2>\n                                      <div\n                class=\"contact-info--box-desc text-container text-container--block-medium text-body-normal text-links--primary\">\n                <p>Contact us:<\/p>\n<p><a href=\"tel:+48605989888\">(+48) 605 989 888,<\/a><br \/>\n<a href=\"tel:+48426636503\">(+48) 42 663 65 03.<\/a><\/p>\n<p>Email<\/p>\n<p><a href=\"mailto:office@cgogroup.pl\">office@cgogroup.pl<\/a><\/p>\n\n              <\/div>\n                                                                                                                <div class=\"contact-info--author\">\n                  <header class=\"contact-info--author-header\">\n                    <figure class=\"contact-info--author-avatar\">\n                      <img loading=\"lazy\" decoding=\"async\" src=\"data:image\/gif;base64,R0lGODdhAQABAPAAAMPDwwAAACwAAAAAAQABAAACAkQBADs=\"\n                           data-src=\"https:\/\/spolki.cgolegal.pl\/wp-content\/uploads\/2022\/06\/Michal-gawlak-150x150.jpg\"\n                           alt=\"CGO Group\"\n                           width=\"150\"\n                           height=\"150\"\n                           class=\"lazyload\">\n                    <\/figure>\n                    <div class=\"contact-info--author-header-wrapper\">\n                      <div class=\"contact-info--author-name\">Micha\u0142 Gawlak<\/div>\n                                              <div class=\"contact-info--author-position\">Partner \/ Attorney-at-law<\/div>\n                                          <\/div>\n                  <\/header>\n                <\/div>\n                                    <\/div>\n        <\/div>\n          <\/div>\n  <\/div>\n<\/section>\n","protected":false},"excerpt":{"rendered":"","protected":false},"author":1,"featured_media":0,"parent":0,"menu_order":5,"comment_status":"closed","ping_status":"closed","template":"","meta":{"_acf_changed":false,"inline_featured_image":false,"_lmt_disableupdate":"","_lmt_disable":"","footnotes":""},"class_list":["post-3905","page","type-page","status-publish","hentry"],"acf":[],"_links":{"self":[{"href":"https:\/\/spolki.cgolegal.pl\/en\/wp-json\/wp\/v2\/pages\/3905","targetHints":{"allow":["GET"]}}],"collection":[{"href":"https:\/\/spolki.cgolegal.pl\/en\/wp-json\/wp\/v2\/pages"}],"about":[{"href":"https:\/\/spolki.cgolegal.pl\/en\/wp-json\/wp\/v2\/types\/page"}],"author":[{"embeddable":true,"href":"https:\/\/spolki.cgolegal.pl\/en\/wp-json\/wp\/v2\/users\/1"}],"replies":[{"embeddable":true,"href":"https:\/\/spolki.cgolegal.pl\/en\/wp-json\/wp\/v2\/comments?post=3905"}],"version-history":[{"count":9,"href":"https:\/\/spolki.cgolegal.pl\/en\/wp-json\/wp\/v2\/pages\/3905\/revisions"}],"predecessor-version":[{"id":5388,"href":"https:\/\/spolki.cgolegal.pl\/en\/wp-json\/wp\/v2\/pages\/3905\/revisions\/5388"}],"wp:attachment":[{"href":"https:\/\/spolki.cgolegal.pl\/en\/wp-json\/wp\/v2\/media?parent=3905"}],"curies":[{"name":"wp","href":"https:\/\/api.w.org\/{rel}","templated":true}]}}